{"id":11,"date":"2014-05-19T13:58:17","date_gmt":"2014-05-19T13:58:17","guid":{"rendered":"http:\/\/angelshidalgo-interiorisme.com\/es\/?page_id=11"},"modified":"2017-09-21T09:42:54","modified_gmt":"2017-09-21T08:42:54","slug":"trayectoria","status":"publish","type":"page","link":"https:\/\/angelshidalgo-interiorisme.com\/es\/trayectoria\/","title":{"rendered":"trayectoria"},"content":{"rendered":"<p><a href=\"https:\/\/angelshidalgo-interiorisme.com\/wp-content\/uploads\/2014\/05\/Imagen-angels263.jpg\"><img loading=\"lazy\" decoding=\"async\" class=\"alignleft size-medium wp-image-361\" src=\"https:\/\/angelshidalgo-interiorisme.com\/wp-content\/uploads\/2014\/05\/Imagen-angels263-244x300.jpg\" alt=\"Imagen angels263\" width=\"244\" height=\"300\" srcset=\"https:\/\/angelshidalgo-interiorisme.com\/es\/wp-content\/uploads\/2014\/05\/Imagen-angels263-244x300.jpg 244w, https:\/\/angelshidalgo-interiorisme.com\/es\/wp-content\/uploads\/2014\/05\/Imagen-angels263-834x1024.jpg 834w, https:\/\/angelshidalgo-interiorisme.com\/es\/wp-content\/uploads\/2014\/05\/Imagen-angels263.jpg 1528w\" sizes=\"auto, (max-width: 244px) 100vw, 244px\" \/><\/a><\/p>\n<p>\u00c0ngels Hidalgo crea su estudio de interiorismo en 1981.<\/p>\n<p>Desde entonces, su estudio ha desarrollado proyectos de reformas de espacios de diversas tipolog\u00edas. Por ejemplo: viviendas completas; partes de viviendas, tales como ba\u00f1os, cocinas o dormitorios; oficinas; tiendas; bares; restaurantes y espacios para servicios sociales, como centros de d\u00eda, residencias geri\u00e1tricas o para personas con movilidad reducida.<\/p>\n<p>El estudio cuenta con un equipo de colaboradores profesionales, flexibles y multidisciplinares que pueden desarrollar proyectos de reformas y equipamientos de todo tipo.<\/p>\n<p>Las obras se hacen con un equipo propio de proveedores e industriales, y ofrece a los clientes un servicio amplio y completo en reformas y \/ o equipamientos de espacios.<\/p>\n<p>\u00c0ngels Hidalgo tambi\u00e9n colabora y forma parte del estudio de arquitectura AIA. Interviene en proyectos de obra nueva y rehabilitaci\u00f3n de edificios, incidiendo en la distribuci\u00f3n de los espacios interiores, estudiando la iluminaci\u00f3n: proponiendo y ubicando luminarias, escogiendo los acabados de la obra &#8230; Es decir, una integraci\u00f3n del interiorismo y la arquitectura.<\/p>\n<p>Durante su actividad profesional:<\/p>\n<p>&nbsp;<\/p>\n<ul>\n<li>Ha formado parte de la junta de gobierno del Colegio Oficial de Decoradores y Dise\u00f1adores de Interiores de Barcelona<\/li>\n<li>Ha participado en varias exposiciones de Casadecor.<\/li>\n<li>Ha sido asesora profesional de la revista de dise\u00f1o \u00abCocinas y Ba\u00f1os\u00bb.<\/li>\n<li>Ha desarrollado actividades en paralelo, incluyendo siempre el factor creativo y est\u00e9tico, como la organizaci\u00f3n y dise\u00f1o de fiestas privadas, y tambi\u00e9n se ha dedicado al dise\u00f1o gr\u00e1fico.<\/li>\n<li>Tiene varias obras realizadas y publicadas en revistas del \u00e1mbito del dise\u00f1o, entre las cuales, el primer trabajo que hizo: un bar de copas de noche, el Black.<\/li>\n<li>Se le han otorgado varios reconocimientos p\u00fablicos: presentaci\u00f3n en nombre de la Diputaci\u00f3n de Barcelona del dise\u00f1o del Centro de Acogida de Ni\u00f1os Abandonados de la Diputaci\u00f3n de Barcelona a los premios \u00abCiudad de Barcelona\u00bb y los premios \u00abFAD\u00bb.<\/li>\n<li>Su dise\u00f1o del restaurante \/ club de copas \u00abFuse\u00bb fue seleccionado entre las 100 obras representativas del dise\u00f1o durante el \u00abA\u00f1o del dise\u00f1o\u00bb en 2003 en Barcelona, \u200b\u200bque sirvi\u00f3 para editar el libro: \u00abRuta del Dise\u00f1o de Barcelona\u00bb.<\/li>\n<\/ul>\n","protected":false},"excerpt":{"rendered":"<p>\u00c0ngels Hidalgo crea su estudio de interiorismo en 1981. Desde entonces, su estudio ha desarrollado proyectos de reformas de espacios de diversas tipolog\u00edas. Por ejemplo: viviendas completas; partes de viviendas, tales como ba\u00f1os, cocinas o dormitorios; oficinas; tiendas; bares; restaurantes y espacios para servicios sociales, como centros de d\u00eda, residencias geri\u00e1tricas o para personas con [&hellip;]<\/p>\n","protected":false},"author":2,"featured_media":0,"parent":0,"menu_order":0,"comment_status":"closed","ping_status":"closed","template":"full-width.php","meta":{"footnotes":""},"class_list":["post-11","page","type-page","status-publish","hentry","post index-post"],"_links":{"self":[{"href":"https:\/\/angelshidalgo-interiorisme.com\/es\/wp-json\/wp\/v2\/pages\/11","targetHints":{"allow":["GET"]}}],"collection":[{"href":"https:\/\/angelshidalgo-interiorisme.com\/es\/wp-json\/wp\/v2\/pages"}],"about":[{"href":"https:\/\/angelshidalgo-interiorisme.com\/es\/wp-json\/wp\/v2\/types\/page"}],"author":[{"embeddable":true,"href":"https:\/\/angelshidalgo-interiorisme.com\/es\/wp-json\/wp\/v2\/users\/2"}],"replies":[{"embeddable":true,"href":"https:\/\/angelshidalgo-interiorisme.com\/es\/wp-json\/wp\/v2\/comments?post=11"}],"version-history":[{"count":0,"href":"https:\/\/angelshidalgo-interiorisme.com\/es\/wp-json\/wp\/v2\/pages\/11\/revisions"}],"wp:attachment":[{"href":"https:\/\/angelshidalgo-interiorisme.com\/es\/wp-json\/wp\/v2\/media?parent=11"}],"curies":[{"name":"wp","href":"https:\/\/api.w.org\/{rel}","templated":true}]}}