{"id":13,"date":"2014-05-19T13:58:54","date_gmt":"2014-05-19T13:58:54","guid":{"rendered":"http:\/\/angelshidalgo-interiorisme.com\/es\/?page_id=13"},"modified":"2017-09-15T17:28:52","modified_gmt":"2017-09-15T16:28:52","slug":"proceso-y-criterios","status":"publish","type":"page","link":"https:\/\/angelshidalgo-interiorisme.com\/es\/proceso-y-criterios\/","title":{"rendered":"proceso y criterios"},"content":{"rendered":"<p>Cuando un cliente contacta con nosotros inicia un proceso de estrecha relaci\u00f3n. Primero nos interesamos por las razones que le han llevado a contactarnos por nuestro servicio profesional y, en su caso, aclaramos los servicios que ofrecemos para detectar cu\u00e1l se ajusta mejor a sus necesidades. En la primera entrevista iniciamos el di\u00e1logo para definir el programa de necesidades y las preferencias est\u00e9ticas, creando el clima de confianza imprescindible para trabajar y cooperar con la m\u00e1xima transparencia. Visitamos el espacio a reformar o equipar para conocer el entorno, interior y exterior, tomar datos, y posteriormente proyectar teniendo en cuenta las premisas existentes y las necesidades del cliente; ambos aspectos son factores importantes en el desarrollo del proyecto y tendr\u00e1n incidencia en el resultado.<\/p>\n<p>Una vez definido el programa de necesidades y con los datos del espacio, hacemos las primeras propuestas de distribuci\u00f3n en planta: es el anteproyecto, una herramienta que sirve para valorar, profundizar y continuar dialogando para definir la soluci\u00f3n que mejor se adapte a los objetivos del cliente.<br \/>\nConcretada la distribuci\u00f3n de la planta, desarrollamos los alzados y las vistas generales, visualizando su volumen; introducimos la iluminaci\u00f3n integr\u00e1ndola a las formas proyectadas. En nuestros proyectos la luz es un factor cuidado especialmente, porque permite versatilidad de ambientes en un mismo espacio. Durante la elaboraci\u00f3n del proyecto mantenemos el di\u00e1logo con el cliente, participando de las decisiones sobre la concreci\u00f3n de las necesidades m\u00e1s espec\u00edficas de todos los elementos que formar\u00e1n parte del interior. Los acabados se eligen contemplando siempre todo el espacio de actuaci\u00f3n. Proponemos materiales, texturas y colores, jugando y aplicando con singular combinaci\u00f3n seg\u00fan las formas creadas, para hacer el resultado m\u00e1s personal para el cliente. Es el conjunto del proyecto.<\/p>\n<p>Confeccionamos los presupuestos seg\u00fan el proyecto, considerando las posibilidades econ\u00f3micas del cliente.<br \/>\nRealizamos la obra o el equipamiento planificando el proceso de ejecuci\u00f3n de manera que sea lo m\u00e1s \u00e1gil posible, controlando el trabajo de cada industrial para una buena ejecuci\u00f3n del proyecto.<\/p>\n<p>Consideraciones importantes en nuestro proceso de dise\u00f1o:<\/p>\n<ul>\n<li>innovaci\u00f3n de formas<\/li>\n<li>constante presencia de la funcionalidad<\/li>\n<li>m\u00e1ximo aprovechamiento del espacio<\/li>\n<li>diferentes escenas lum\u00ednicas<\/li>\n<li>combinaci\u00f3n de materiales y texturas de diferentes estilos<\/li>\n<li>relevancia de los colores<\/li>\n<li>integraci\u00f3n del interiorismo y la arquitectura<\/li>\n<\/ul>\n","protected":false},"excerpt":{"rendered":"<p>Cuando un cliente contacta con nosotros inicia un proceso de estrecha relaci\u00f3n. Primero nos interesamos por las razones que le han llevado a contactarnos por nuestro servicio profesional y, en su caso, aclaramos los servicios que ofrecemos para detectar cu\u00e1l se ajusta mejor a sus necesidades. En la primera entrevista iniciamos el di\u00e1logo para definir [&hellip;]<\/p>\n","protected":false},"author":2,"featured_media":0,"parent":0,"menu_order":0,"comment_status":"closed","ping_status":"closed","template":"full-width.php","meta":{"footnotes":""},"class_list":["post-13","page","type-page","status-publish","hentry","post index-post"],"_links":{"self":[{"href":"https:\/\/angelshidalgo-interiorisme.com\/es\/wp-json\/wp\/v2\/pages\/13","targetHints":{"allow":["GET"]}}],"collection":[{"href":"https:\/\/angelshidalgo-interiorisme.com\/es\/wp-json\/wp\/v2\/pages"}],"about":[{"href":"https:\/\/angelshidalgo-interiorisme.com\/es\/wp-json\/wp\/v2\/types\/page"}],"author":[{"embeddable":true,"href":"https:\/\/angelshidalgo-interiorisme.com\/es\/wp-json\/wp\/v2\/users\/2"}],"replies":[{"embeddable":true,"href":"https:\/\/angelshidalgo-interiorisme.com\/es\/wp-json\/wp\/v2\/comments?post=13"}],"version-history":[{"count":0,"href":"https:\/\/angelshidalgo-interiorisme.com\/es\/wp-json\/wp\/v2\/pages\/13\/revisions"}],"wp:attachment":[{"href":"https:\/\/angelshidalgo-interiorisme.com\/es\/wp-json\/wp\/v2\/media?parent=13"}],"curies":[{"name":"wp","href":"https:\/\/api.w.org\/{rel}","templated":true}]}}