{"id":15,"date":"2014-05-19T13:59:33","date_gmt":"2014-05-19T13:59:33","guid":{"rendered":"http:\/\/angelshidalgo-interiorisme.com\/es\/?page_id=15"},"modified":"2017-09-15T08:46:12","modified_gmt":"2017-09-15T07:46:12","slug":"servicios-ofrecidos","status":"publish","type":"page","link":"https:\/\/angelshidalgo-interiorisme.com\/es\/servicios-ofrecidos\/","title":{"rendered":"servicios"},"content":{"rendered":"<h4>SERVICIOS PARCIALES<\/h4>\n<ul>\n<li><strong>ASESORAMIENTO<\/strong><\/li>\n<\/ul>\n<p><strong> MOTIVOS DEL SERVICIO:<\/strong><\/p>\n<p>Este servicio puede ser \u00fatil en el momento de plantear alg\u00fan cambio en nuestros espacios para que es\u00a0cuando surgen dudas sobre: la distribuci\u00f3n, los colores o tratamiento de las paredes, o el proceso para desarrollar la modificaci\u00f3n.<\/p>\n<p><strong>SERVICIO:<\/strong><\/p>\n<p>Recopilamos la informaci\u00f3n del cliente que quiere hacer alguna modificaci\u00f3n del espacio, ya sea en la distribuci\u00f3n, la Iluminaci\u00f3n o el mobiliario, ya sea simplemente colores de pintura; lo hacemos in situ o, con un peque\u00f1o estudio previo, trasladamos los argumentos de la propuesta de la forma m\u00e1s efectiva, para poder llevar a cabo los objetivos.<\/p>\n<ul>\n<li><strong>DISE\u00d1O MOBILIARIO A MEDIDA<\/strong><\/li>\n<\/ul>\n<p><strong>MOTIVOS DEL SERVICIO:<\/strong><\/p>\n<p>Quiz\u00e1s necesita llenar un espacio vac\u00edo dentro de un ambiente: poner un mueble y saber c\u00f3mo deber\u00eda ser para conjugar con el resto del mobiliario. Si alg\u00fan mueble ya no cumple las funciones para las que estaba previsto, podr\u00eda ser el momento de dise\u00f1ar uno nuevo con el planteamiento de las necesidades actuales del cliente y aprovechar para modernizarlo.<\/p>\n<p><strong>SERVICIO:<\/strong><\/p>\n<p>Dise\u00f1amos con la libertad de escoger el material, la textura y el color, adapt\u00e1ndonos a la medida del espacio y entorno existentes, a fin de hacer un mueble \u00fanico y personal.<\/p>\n<ul>\n<li><strong>ESTUDIOS LUM\u00cdNICOS<\/strong><\/li>\n<\/ul>\n<p><strong>MOTIVOS\u00a0DEL SERVICIO:<\/strong><\/p>\n<p>Las luminarias cambian y evolucionan t\u00e9cnicamente.<\/p>\n<p>Cambiar la iluminaci\u00f3n de un espacio puede suponer modificar radicalmente la est\u00e9tica y el confort. En este momento hay en el mercado muchas bombillas de bajo consumo. Actualmente muchas l\u00e1mparas pueden sustituirse por bombillas de Leds.<\/p>\n<p><strong>SERVICIO:<\/strong><\/p>\n<p>Un mismo espacio puede estar iluminado de diversas maneras, y cada una nos hace cambiar la percepci\u00f3n.<\/p>\n<p>Hacemos estudios para cambiar los ambientes s\u00f3lo con la sustituci\u00f3n de luminarias. Planteamos luces generales y \/ o espec\u00edficos seg\u00fan funciones concretas a desarrollar en cada lugar. Destacamos la importancia de integrar las luces con la arquitectura existente o con los elementos del mobiliario, consiguiendo resultados muy interesantes y personales.<\/p>\n<p>&nbsp;<\/p>\n<ul>\n<li><strong>ESTUDIOS ACCESIBILIDAD<\/strong><\/li>\n<\/ul>\n<p><strong>MOTIVOS DEL SERVICIO:<\/strong><\/p>\n<p>Al hacernos mayores, con y la p\u00e9rdida de agilidad y movilidad, con la aparici\u00f3n de alguna minusval\u00eda o haber sufrido accidente pueden ser motivos para tener que replantear un espacio y hacerlo accesible.<\/p>\n<p><strong>SERVICIO:<\/strong><\/p>\n<p>Estudiamos los espacios para facilitar la accesibilidad de las personas con minsvalideses.<\/p>\n<p>Pueden ser estudios de cualquier \u00e1mbito de las personas: tiendas, oficinas, viviendas o simplemente partes de viviendas.<\/p>\n<p>&nbsp;<\/p>\n<h4>SERVICIOS INTEGRALES<\/h4>\n<ul>\n<li>ANTEPROYECTOS<\/li>\n<\/ul>\n<p>Es la fase previa al proyecto y consiste en la elaboraci\u00f3n de los planos de planta con diferentes soluciones de la distribuci\u00f3n. Es la herramienta que utilizamos para dialogar con el cliente y reflexionar, y as\u00ed posteriormente decidir qu\u00e9 soluci\u00f3n se adapta mejor a sus necesidades.<\/p>\n<ul>\n<li>PROYECTOS EJECUTIVOS<\/li>\n<\/ul>\n<p>Con el anteproyecto se realizan todo el conjunto de planos; plantas acotadas, instalaciones, alzados, detalles y memorias (descriptiva y de acabados) para hacer comprensible el proyecto y su ejecuci\u00f3n.<\/p>\n<ul>\n<li>PROYECTO DE EQUIPAMIENTO<\/li>\n<\/ul>\n<p>El proyecto de equipamiento puede ser la continuaci\u00f3n del proyecto ejecutivo o un proyecto parcial.<\/p>\n<p>&nbsp;<\/p>\n<h4>PRESUPUESTOS<\/h4>\n<p>Elaboramos los presupuestos seg\u00fan el proyecto. Con el asesoramiento t\u00e9cnico de cada profesional y proveedor buscamos siempre la soluci\u00f3n m\u00e1s adecuada contemplando las caracter\u00edsticas t\u00e9cnicas y la vertiente econ\u00f3mica de los elementos que integrar\u00e1n la reforma.<\/p>\n<p>&nbsp;<\/p>\n<ul>\n<li>EJECUCI\u00d3N DE PROYECTOS: direcci\u00f3n y coordinaci\u00f3n de obras<\/li>\n<\/ul>\n<p>Planificamos la obra teniendo en cuenta los plazos de ejecuci\u00f3n y la interrelaci\u00f3n de intervenci\u00f3n de los industriales, haciendo que el proceso sea \u00e1gil y efectivo. Coordinamos los industriales y hacemos visitas de obra, donde resolvemos las incidencias que surgen, informando al cliente de cualquier cambio que afecte el resultado o el coste de la obra.<\/p>\n<p>&nbsp;<\/p>\n<ul>\n<li><strong>INTEGRACI\u00d3N INTERIORISMO \/ ARQUITECTURA: colaboraciones con arquitectos<\/strong><\/li>\n<\/ul>\n<p>Colaboramos con arquitectos tanto en la concepci\u00f3n de los edificios de obra nueva como en la rehabilitaci\u00f3n; intervenimos en la distribuci\u00f3n de los espacios interiores, contemplando la ubicaci\u00f3n del mobiliario previendo las instalaciones, lo que es imprescindible en el proceso de la obra de acuerdo con los objetivos finales del proyecto.<\/p>\n<p>Escogemos los acabados de la obra y del equipamiento como un conjunto; esto nos permite un \u00f3ptimo resultado, coherente en su globalidad.<\/p>\n<p>&nbsp;<\/p>\n<ul>\n<li>LICENCIAS<\/li>\n<\/ul>\n<p>Disponemos de un equipo de profesionales para tramitar cualquier tipo de licencia (apertura, obras, etc.)<\/p>\n","protected":false},"excerpt":{"rendered":"<p>SERVICIOS PARCIALES ASESORAMIENTO MOTIVOS DEL SERVICIO: Este servicio puede ser \u00fatil en el momento de plantear alg\u00fan cambio en nuestros espacios para que es\u00a0cuando surgen dudas sobre: la distribuci\u00f3n, los colores o tratamiento de las paredes, o el proceso para desarrollar la modificaci\u00f3n. SERVICIO: Recopilamos la informaci\u00f3n del cliente que quiere hacer alguna modificaci\u00f3n del [&hellip;]<\/p>\n","protected":false},"author":2,"featured_media":0,"parent":0,"menu_order":0,"comment_status":"closed","ping_status":"closed","template":"full-width.php","meta":{"footnotes":""},"class_list":["post-15","page","type-page","status-publish","hentry","post index-post"],"_links":{"self":[{"href":"https:\/\/angelshidalgo-interiorisme.com\/es\/wp-json\/wp\/v2\/pages\/15","targetHints":{"allow":["GET"]}}],"collection":[{"href":"https:\/\/angelshidalgo-interiorisme.com\/es\/wp-json\/wp\/v2\/pages"}],"about":[{"href":"https:\/\/angelshidalgo-interiorisme.com\/es\/wp-json\/wp\/v2\/types\/page"}],"author":[{"embeddable":true,"href":"https:\/\/angelshidalgo-interiorisme.com\/es\/wp-json\/wp\/v2\/users\/2"}],"replies":[{"embeddable":true,"href":"https:\/\/angelshidalgo-interiorisme.com\/es\/wp-json\/wp\/v2\/comments?post=15"}],"version-history":[{"count":0,"href":"https:\/\/angelshidalgo-interiorisme.com\/es\/wp-json\/wp\/v2\/pages\/15\/revisions"}],"wp:attachment":[{"href":"https:\/\/angelshidalgo-interiorisme.com\/es\/wp-json\/wp\/v2\/media?parent=15"}],"curies":[{"name":"wp","href":"https:\/\/api.w.org\/{rel}","templated":true}]}}