{"id":32,"date":"2014-05-23T10:32:00","date_gmt":"2014-05-23T10:32:00","guid":{"rendered":"http:\/\/angelshidalgo-interiorisme.com\/es\/?page_id=32"},"modified":"2017-04-03T02:07:09","modified_gmt":"2017-04-03T01:07:09","slug":"tienda-ropa-complementos-onon","status":"publish","type":"page","link":"https:\/\/angelshidalgo-interiorisme.com\/es\/proyectos\/tienda-ropa-complementos-onon\/","title":{"rendered":"tienda ropa \/ complementos ONON"},"content":{"rendered":"\n\t\t<style type=\"text\/css\">\n\t\t\t#gallery-1 {\n\t\t\t\tmargin: auto;\n\t\t\t}\n\t\t\t#gallery-1 .gallery-item {\n\t\t\t\tfloat: left;\n\t\t\t\tmargin-top: 10px;\n\t\t\t\ttext-align: center;\n\t\t\t\twidth: 33%;\n\t\t\t}\n\t\t\t#gallery-1 img {\n\t\t\t\tborder: 2px solid #cfcfcf;\n\t\t\t}\n\t\t\t#gallery-1 .gallery-caption {\n\t\t\t\tmargin-left: 0;\n\t\t\t}\n\t\t\t\/* see gallery_shortcode() in wp-includes\/media.php *\/\n\t\t<\/style>\n\t\t<div id='gallery-1' class='gallery galleryid-32 gallery-columns-3 gallery-size-thumbnail'><dl class='gallery-item'>\n\t\t\t<dt class='gallery-icon portrait'>\n\t\t\t\t<a href='https:\/\/angelshidalgo-interiorisme.com\/es\/wp-content\/uploads\/2014\/05\/des_del_carrer1.jpg'><img loading=\"lazy\" decoding=\"async\" width=\"150\" height=\"150\" src=\"https:\/\/angelshidalgo-interiorisme.com\/es\/wp-content\/uploads\/2014\/05\/des_del_carrer1-150x150.jpg\" class=\"attachment-thumbnail size-thumbnail\" alt=\"\" aria-describedby=\"gallery-1-210\" \/><\/a>\n\t\t\t<\/dt>\n\t\t\t\t<dd class='wp-caption-text gallery-caption' id='gallery-1-210'>\n\t\t\t\tdesde la calle\n\t\t\t\t<\/dd><\/dl><dl class='gallery-item'>\n\t\t\t<dt class='gallery-icon portrait'>\n\t\t\t\t<a href='https:\/\/angelshidalgo-interiorisme.com\/es\/wp-content\/uploads\/2014\/05\/vista_general_traves_mirall.jpg'><img loading=\"lazy\" decoding=\"async\" width=\"150\" height=\"150\" src=\"https:\/\/angelshidalgo-interiorisme.com\/es\/wp-content\/uploads\/2014\/05\/vista_general_traves_mirall-150x150.jpg\" class=\"attachment-thumbnail size-thumbnail\" alt=\"\" aria-describedby=\"gallery-1-213\" \/><\/a>\n\t\t\t<\/dt>\n\t\t\t\t<dd class='wp-caption-text gallery-caption' id='gallery-1-213'>\n\t\t\t\tvista general a trav\u00e9s del espejo\n\t\t\t\t<\/dd><\/dl><dl class='gallery-item'>\n\t\t\t<dt class='gallery-icon portrait'>\n\t\t\t\t<a href='https:\/\/angelshidalgo-interiorisme.com\/es\/wp-content\/uploads\/2014\/05\/vista_gral.jpg'><img loading=\"lazy\" decoding=\"async\" width=\"150\" height=\"150\" src=\"https:\/\/angelshidalgo-interiorisme.com\/es\/wp-content\/uploads\/2014\/05\/vista_gral-150x150.jpg\" class=\"attachment-thumbnail size-thumbnail\" alt=\"\" aria-describedby=\"gallery-1-215\" \/><\/a>\n\t\t\t<\/dt>\n\t\t\t\t<dd class='wp-caption-text gallery-caption' id='gallery-1-215'>\n\t\t\t\tvista general\n\t\t\t\t<\/dd><\/dl><br style=\"clear: both\" \/><dl class='gallery-item'>\n\t\t\t<dt class='gallery-icon portrait'>\n\t\t\t\t<a href='https:\/\/angelshidalgo-interiorisme.com\/es\/wp-content\/uploads\/2014\/05\/vista_gral_i_probador.jpg'><img loading=\"lazy\" decoding=\"async\" width=\"150\" height=\"150\" src=\"https:\/\/angelshidalgo-interiorisme.com\/es\/wp-content\/uploads\/2014\/05\/vista_gral_i_probador-150x150.jpg\" class=\"attachment-thumbnail size-thumbnail\" alt=\"\" aria-describedby=\"gallery-1-214\" \/><\/a>\n\t\t\t<\/dt>\n\t\t\t\t<dd class='wp-caption-text gallery-caption' id='gallery-1-214'>\n\t\t\t\tvista general y probador\n\t\t\t\t<\/dd><\/dl><dl class='gallery-item'>\n\t\t\t<dt class='gallery-icon portrait'>\n\t\t\t\t<a href='https:\/\/angelshidalgo-interiorisme.com\/es\/wp-content\/uploads\/2014\/05\/expositors.jpg'><img loading=\"lazy\" decoding=\"async\" width=\"150\" height=\"150\" src=\"https:\/\/angelshidalgo-interiorisme.com\/es\/wp-content\/uploads\/2014\/05\/expositors-150x150.jpg\" class=\"attachment-thumbnail size-thumbnail\" alt=\"\" aria-describedby=\"gallery-1-212\" \/><\/a>\n\t\t\t<\/dt>\n\t\t\t\t<dd class='wp-caption-text gallery-caption' id='gallery-1-212'>\n\t\t\t\texpositores\n\t\t\t\t<\/dd><\/dl><dl class='gallery-item'>\n\t\t\t<dt class='gallery-icon landscape'>\n\t\t\t\t<a href='https:\/\/angelshidalgo-interiorisme.com\/es\/wp-content\/uploads\/2014\/05\/detall-_expositor_i_paret.jpg'><img loading=\"lazy\" decoding=\"async\" width=\"150\" height=\"150\" src=\"https:\/\/angelshidalgo-interiorisme.com\/es\/wp-content\/uploads\/2014\/05\/detall-_expositor_i_paret-150x150.jpg\" class=\"attachment-thumbnail size-thumbnail\" alt=\"\" aria-describedby=\"gallery-1-211\" \/><\/a>\n\t\t\t<\/dt>\n\t\t\t\t<dd class='wp-caption-text gallery-caption' id='gallery-1-211'>\n\t\t\t\tdetalle expositor pared\n\t\t\t\t<\/dd><\/dl><br style=\"clear: both\" \/>\n\t\t<\/div>\n\n<p>Este es un espacio singular en el coraz\u00f3n del Born. Tiene 42 m2, el techo y de las paredes forman un solo elemento con la curvatura del \u00e1ngulo de uni\u00f3n entre ellas. Detr\u00e1s de la pared con curva hay, por un lado, un peque\u00f1o almac\u00e9n, y, por otro, el acceso al peque\u00f1o probador. Hay dos de las paredes que dan al exterior con un gran cierre de vidrio que hace de escaparate de toda la tienda, en la otra encontramos el acceso.<\/p>\n<p>El espacio se resuelve con mobiliario para exposici\u00f3n de productos: estanter\u00edas, barras para colgar ropa; y la iluminaci\u00f3n, colocada de manera que resalta los vol\u00famenes del espacio y los elementos expuestos. La pared frente al acceso se destaca de las otras con una textura filamentosa y color dorado, que contrasta con un expositor de madera de wengu\u00e9 y un panel lacado color burdeos. Este conjunto da el resultado personal de la tienda. El r\u00f3tulo de la tienda es simple y limpio y no coge ning\u00fan protagonismo m\u00e1s que la sencillez de las formas adheridas con vinilos en los cristales de la fachada y el espejo interior, tambi\u00e9n de color dorado. El resto de paredes y el pavimento son blancos, para dar amplitud al peque\u00f1o espacio.<\/p>\n","protected":false},"excerpt":{"rendered":"<p>Este es un espacio singular en el coraz\u00f3n del Born. Tiene 42 m2, el techo y de las paredes forman un solo elemento con la curvatura del \u00e1ngulo de uni\u00f3n entre ellas. Detr\u00e1s de la pared con curva hay, por un lado, un peque\u00f1o almac\u00e9n, y, por otro, el acceso al peque\u00f1o probador. Hay dos [&hellip;]<\/p>\n","protected":false},"author":2,"featured_media":34,"parent":17,"menu_order":4,"comment_status":"closed","ping_status":"closed","template":"template-portfolio-item.php","meta":{"footnotes":""},"class_list":["post-32","page","type-page","status-publish","has-post-thumbnail","hentry","post index-post"],"_links":{"self":[{"href":"https:\/\/angelshidalgo-interiorisme.com\/es\/wp-json\/wp\/v2\/pages\/32","targetHints":{"allow":["GET"]}}],"collection":[{"href":"https:\/\/angelshidalgo-interiorisme.com\/es\/wp-json\/wp\/v2\/pages"}],"about":[{"href":"https:\/\/angelshidalgo-interiorisme.com\/es\/wp-json\/wp\/v2\/types\/page"}],"author":[{"embeddable":true,"href":"https:\/\/angelshidalgo-interiorisme.com\/es\/wp-json\/wp\/v2\/users\/2"}],"replies":[{"embeddable":true,"href":"https:\/\/angelshidalgo-interiorisme.com\/es\/wp-json\/wp\/v2\/comments?post=32"}],"version-history":[{"count":0,"href":"https:\/\/angelshidalgo-interiorisme.com\/es\/wp-json\/wp\/v2\/pages\/32\/revisions"}],"up":[{"embeddable":true,"href":"https:\/\/angelshidalgo-interiorisme.com\/es\/wp-json\/wp\/v2\/pages\/17"}],"wp:featuredmedia":[{"embeddable":true,"href":"https:\/\/angelshidalgo-interiorisme.com\/es\/wp-json\/wp\/v2\/media\/34"}],"wp:attachment":[{"href":"https:\/\/angelshidalgo-interiorisme.com\/es\/wp-json\/wp\/v2\/media?parent=32"}],"curies":[{"name":"wp","href":"https:\/\/api.w.org\/{rel}","templated":true}]}}