{"id":36,"date":"2014-05-23T10:31:34","date_gmt":"2014-05-23T10:31:34","guid":{"rendered":"http:\/\/angelshidalgo-interiorisme.com\/es\/?page_id=36"},"modified":"2017-09-22T16:25:04","modified_gmt":"2017-09-22T15:25:04","slug":"estudio-arquitectura-interiorismo-aia","status":"publish","type":"page","link":"https:\/\/angelshidalgo-interiorisme.com\/es\/proyectos\/estudio-arquitectura-interiorismo-aia\/","title":{"rendered":"estudio arquitectura \/ interiorismo AIA"},"content":{"rendered":"\n\t\t<style type=\"text\/css\">\n\t\t\t#gallery-1 {\n\t\t\t\tmargin: auto;\n\t\t\t}\n\t\t\t#gallery-1 .gallery-item {\n\t\t\t\tfloat: left;\n\t\t\t\tmargin-top: 10px;\n\t\t\t\ttext-align: center;\n\t\t\t\twidth: 33%;\n\t\t\t}\n\t\t\t#gallery-1 img {\n\t\t\t\tborder: 2px solid #cfcfcf;\n\t\t\t}\n\t\t\t#gallery-1 .gallery-caption {\n\t\t\t\tmargin-left: 0;\n\t\t\t}\n\t\t\t\/* see gallery_shortcode() in wp-includes\/media.php *\/\n\t\t<\/style>\n\t\t<div id='gallery-1' class='gallery galleryid-36 gallery-columns-3 gallery-size-thumbnail'><dl class='gallery-item'>\n\t\t\t<dt class='gallery-icon landscape'>\n\t\t\t\t<a href='https:\/\/angelshidalgo-interiorisme.com\/es\/wp-content\/uploads\/2014\/05\/RECEPCIO1.jpg'><img loading=\"lazy\" decoding=\"async\" width=\"150\" height=\"150\" src=\"https:\/\/angelshidalgo-interiorisme.com\/es\/wp-content\/uploads\/2014\/05\/RECEPCIO1-150x150.jpg\" class=\"attachment-thumbnail size-thumbnail\" alt=\"\" aria-describedby=\"gallery-1-218\" \/><\/a>\n\t\t\t<\/dt>\n\t\t\t\t<dd class='wp-caption-text gallery-caption' id='gallery-1-218'>\n\t\t\t\trecepci\u00f3n\n\t\t\t\t<\/dd><\/dl><dl class='gallery-item'>\n\t\t\t<dt class='gallery-icon landscape'>\n\t\t\t\t<a href='https:\/\/angelshidalgo-interiorisme.com\/es\/wp-content\/uploads\/2014\/05\/sala_treball1.jpg'><img loading=\"lazy\" decoding=\"async\" width=\"150\" height=\"150\" src=\"https:\/\/angelshidalgo-interiorisme.com\/es\/wp-content\/uploads\/2014\/05\/sala_treball1-150x150.jpg\" class=\"attachment-thumbnail size-thumbnail\" alt=\"\" aria-describedby=\"gallery-1-220\" \/><\/a>\n\t\t\t<\/dt>\n\t\t\t\t<dd class='wp-caption-text gallery-caption' id='gallery-1-220'>\n\t\t\t\tespacio de trebajo\n\t\t\t\t<\/dd><\/dl><dl class='gallery-item'>\n\t\t\t<dt class='gallery-icon landscape'>\n\t\t\t\t<a href='https:\/\/angelshidalgo-interiorisme.com\/es\/wp-content\/uploads\/2014\/05\/sala_treball2.jpg'><img loading=\"lazy\" decoding=\"async\" width=\"150\" height=\"150\" src=\"https:\/\/angelshidalgo-interiorisme.com\/es\/wp-content\/uploads\/2014\/05\/sala_treball2-150x150.jpg\" class=\"attachment-thumbnail size-thumbnail\" alt=\"\" aria-describedby=\"gallery-1-221\" \/><\/a>\n\t\t\t<\/dt>\n\t\t\t\t<dd class='wp-caption-text gallery-caption' id='gallery-1-221'>\n\t\t\t\tespacio de trebajo (2)\n\t\t\t\t<\/dd><\/dl><br style=\"clear: both\" \/><dl class='gallery-item'>\n\t\t\t<dt class='gallery-icon landscape'>\n\t\t\t\t<a href='https:\/\/angelshidalgo-interiorisme.com\/es\/wp-content\/uploads\/Captura-de-pantalla-2017-09-21-a-les-10.10.40.png'><img loading=\"lazy\" decoding=\"async\" width=\"150\" height=\"150\" src=\"https:\/\/angelshidalgo-interiorisme.com\/es\/wp-content\/uploads\/Captura-de-pantalla-2017-09-21-a-les-10.10.40-150x150.png\" class=\"attachment-thumbnail size-thumbnail\" alt=\"sala de reuniones\" aria-describedby=\"gallery-1-552\" \/><\/a>\n\t\t\t<\/dt>\n\t\t\t\t<dd class='wp-caption-text gallery-caption' id='gallery-1-552'>\n\t\t\t\tsala de reuniones\n\t\t\t\t<\/dd><\/dl><dl class='gallery-item'>\n\t\t\t<dt class='gallery-icon portrait'>\n\t\t\t\t<a href='https:\/\/angelshidalgo-interiorisme.com\/es\/wp-content\/uploads\/SERVEI-AIA.jpg'><img loading=\"lazy\" decoding=\"async\" width=\"150\" height=\"150\" src=\"https:\/\/angelshidalgo-interiorisme.com\/es\/wp-content\/uploads\/SERVEI-AIA-150x150.jpg\" class=\"attachment-thumbnail size-thumbnail\" alt=\"\" aria-describedby=\"gallery-1-554\" \/><\/a>\n\t\t\t<\/dt>\n\t\t\t\t<dd class='wp-caption-text gallery-caption' id='gallery-1-554'>\n\t\t\t\tservicio\n\t\t\t\t<\/dd><\/dl>\n\t\t\t<br style='clear: both' \/>\n\t\t<\/div>\n\n<p>Es un local de oficina y estudio situado en los bajos de un edificio de viviendas de la Bonanova, compartimentado con tabiques, por lo que es un espacio con una distribuci\u00f3n poco funcional para la actividad de estudio de arquitectura e interiorismo .<\/p>\n<p>Se trata de reformar y actualizar la distribuci\u00f3n y las instalaciones, adecu\u00e1ndolas a las necesidades actuales de funcionamiento del estudio.<\/p>\n<p>Dado que la mayor\u00eda de las paredes son tabiques, se hace un replanteamiento importante de la distribuci\u00f3n para conseguir un \u00fanico espacio de trabajo, una recepci\u00f3n con mostrador para atender a los clientes, desde donde se accede a la sala de reproducci\u00f3n. Fotocopiadora, fax, servidor y tambi\u00e9n un peque\u00f1o office para el personal. Desde la recepci\u00f3n tambi\u00e9n se accede a dos despachos independientes y, a trav\u00e9s de un peque\u00f1o pasillo, a\u00a0la sala de juntas, que da servicio a todo el estudio.<\/p>\n<p>El resultado es un espacio tratado con colores neutros y claros, dado que tiene una altura m\u00e1s bien baja. Dispone de ventanales que le dan una gran luminosidad. La iluminaci\u00f3n se ha integrado en el cielo raso y se ha distribuido en funci\u00f3n de las mesas de trabajo, y se ha ordenado a la planta cenital. Dentro de este espacio de trabajo tranquilo, hay partes del mobiliario y sillas de color burdeos, para crear un ambiente con dinamismo.<\/p>\n","protected":false},"excerpt":{"rendered":"<p>Es un local de oficina y estudio situado en los bajos de un edificio de viviendas de la Bonanova, compartimentado con tabiques, por lo que es un espacio con una distribuci\u00f3n poco funcional para la actividad de estudio de arquitectura e interiorismo . Se trata de reformar y actualizar la distribuci\u00f3n y las instalaciones, adecu\u00e1ndolas [&hellip;]<\/p>\n","protected":false},"author":2,"featured_media":37,"parent":17,"menu_order":5,"comment_status":"closed","ping_status":"closed","template":"template-portfolio-item.php","meta":{"footnotes":""},"class_list":["post-36","page","type-page","status-publish","has-post-thumbnail","hentry","post index-post"],"_links":{"self":[{"href":"https:\/\/angelshidalgo-interiorisme.com\/es\/wp-json\/wp\/v2\/pages\/36","targetHints":{"allow":["GET"]}}],"collection":[{"href":"https:\/\/angelshidalgo-interiorisme.com\/es\/wp-json\/wp\/v2\/pages"}],"about":[{"href":"https:\/\/angelshidalgo-interiorisme.com\/es\/wp-json\/wp\/v2\/types\/page"}],"author":[{"embeddable":true,"href":"https:\/\/angelshidalgo-interiorisme.com\/es\/wp-json\/wp\/v2\/users\/2"}],"replies":[{"embeddable":true,"href":"https:\/\/angelshidalgo-interiorisme.com\/es\/wp-json\/wp\/v2\/comments?post=36"}],"version-history":[{"count":0,"href":"https:\/\/angelshidalgo-interiorisme.com\/es\/wp-json\/wp\/v2\/pages\/36\/revisions"}],"up":[{"embeddable":true,"href":"https:\/\/angelshidalgo-interiorisme.com\/es\/wp-json\/wp\/v2\/pages\/17"}],"wp:featuredmedia":[{"embeddable":true,"href":"https:\/\/angelshidalgo-interiorisme.com\/es\/wp-json\/wp\/v2\/media\/37"}],"wp:attachment":[{"href":"https:\/\/angelshidalgo-interiorisme.com\/es\/wp-json\/wp\/v2\/media?parent=36"}],"curies":[{"name":"wp","href":"https:\/\/api.w.org\/{rel}","templated":true}]}}