{"id":71,"date":"2014-05-23T10:33:41","date_gmt":"2014-05-23T10:33:41","guid":{"rendered":"http:\/\/angelshidalgo-interiorisme.com\/es\/?page_id=71"},"modified":"2017-09-21T09:49:23","modified_gmt":"2017-09-21T08:49:23","slug":"tienda-objetos-de-regalo-legaz","status":"publish","type":"page","link":"https:\/\/angelshidalgo-interiorisme.com\/es\/proyectos\/tienda-objetos-de-regalo-legaz\/","title":{"rendered":"tienda objetos de regalo LEGAZ"},"content":{"rendered":"\n\t\t<style type=\"text\/css\">\n\t\t\t#gallery-1 {\n\t\t\t\tmargin: auto;\n\t\t\t}\n\t\t\t#gallery-1 .gallery-item {\n\t\t\t\tfloat: left;\n\t\t\t\tmargin-top: 10px;\n\t\t\t\ttext-align: center;\n\t\t\t\twidth: 33%;\n\t\t\t}\n\t\t\t#gallery-1 img {\n\t\t\t\tborder: 2px solid #cfcfcf;\n\t\t\t}\n\t\t\t#gallery-1 .gallery-caption {\n\t\t\t\tmargin-left: 0;\n\t\t\t}\n\t\t\t\/* see gallery_shortcode() in wp-includes\/media.php *\/\n\t\t<\/style>\n\t\t<div id='gallery-1' class='gallery galleryid-71 gallery-columns-3 gallery-size-thumbnail'><dl class='gallery-item'>\n\t\t\t<dt class='gallery-icon landscape'>\n\t\t\t\t<a href='https:\/\/angelshidalgo-interiorisme.com\/es\/wp-content\/uploads\/2014\/05\/vista_botiga1.jpg'><img loading=\"lazy\" decoding=\"async\" width=\"150\" height=\"150\" src=\"https:\/\/angelshidalgo-interiorisme.com\/es\/wp-content\/uploads\/2014\/05\/vista_botiga1-150x150.jpg\" class=\"attachment-thumbnail size-thumbnail\" alt=\"\" aria-describedby=\"gallery-1-302\" \/><\/a>\n\t\t\t<\/dt>\n\t\t\t\t<dd class='wp-caption-text gallery-caption' id='gallery-1-302'>\n\t\t\t\tmostradores expositores\n\t\t\t\t<\/dd><\/dl><dl class='gallery-item'>\n\t\t\t<dt class='gallery-icon landscape'>\n\t\t\t\t<a href='https:\/\/angelshidalgo-interiorisme.com\/es\/wp-content\/uploads\/2014\/05\/vista_botiga21.jpg'><img loading=\"lazy\" decoding=\"async\" width=\"150\" height=\"150\" src=\"https:\/\/angelshidalgo-interiorisme.com\/es\/wp-content\/uploads\/2014\/05\/vista_botiga21-150x150.jpg\" class=\"attachment-thumbnail size-thumbnail\" alt=\"\" aria-describedby=\"gallery-1-303\" \/><\/a>\n\t\t\t<\/dt>\n\t\t\t\t<dd class='wp-caption-text gallery-caption' id='gallery-1-303'>\n\t\t\t\tdesde la entrada\n\t\t\t\t<\/dd><\/dl><dl class='gallery-item'>\n\t\t\t<dt class='gallery-icon portrait'>\n\t\t\t\t<a href='https:\/\/angelshidalgo-interiorisme.com\/es\/wp-content\/uploads\/2014\/05\/vista_expositor_papers_i_altres1.jpg'><img loading=\"lazy\" decoding=\"async\" width=\"150\" height=\"150\" src=\"https:\/\/angelshidalgo-interiorisme.com\/es\/wp-content\/uploads\/2014\/05\/vista_expositor_papers_i_altres1-150x150.jpg\" class=\"attachment-thumbnail size-thumbnail\" alt=\"\" aria-describedby=\"gallery-1-304\" \/><\/a>\n\t\t\t<\/dt>\n\t\t\t\t<dd class='wp-caption-text gallery-caption' id='gallery-1-304'>\n\t\t\t\texpositor papeler\u00eda\n\t\t\t\t<\/dd><\/dl><br style=\"clear: both\" \/><dl class='gallery-item'>\n\t\t\t<dt class='gallery-icon portrait'>\n\t\t\t\t<a href='https:\/\/angelshidalgo-interiorisme.com\/es\/wp-content\/uploads\/2014\/05\/moble_expositor1.jpg'><img loading=\"lazy\" decoding=\"async\" width=\"150\" height=\"150\" src=\"https:\/\/angelshidalgo-interiorisme.com\/es\/wp-content\/uploads\/2014\/05\/moble_expositor1-150x150.jpg\" class=\"attachment-thumbnail size-thumbnail\" alt=\"\" aria-describedby=\"gallery-1-300\" \/><\/a>\n\t\t\t<\/dt>\n\t\t\t\t<dd class='wp-caption-text gallery-caption' id='gallery-1-300'>\n\t\t\t\tfrontal expositor-a\n\t\t\t\t<\/dd><\/dl><dl class='gallery-item'>\n\t\t\t<dt class='gallery-icon landscape'>\n\t\t\t\t<a href='https:\/\/angelshidalgo-interiorisme.com\/es\/wp-content\/uploads\/2014\/05\/moble_expositor21.jpg'><img loading=\"lazy\" decoding=\"async\" width=\"150\" height=\"150\" src=\"https:\/\/angelshidalgo-interiorisme.com\/es\/wp-content\/uploads\/2014\/05\/moble_expositor21-150x150.jpg\" class=\"attachment-thumbnail size-thumbnail\" alt=\"\" aria-describedby=\"gallery-1-301\" \/><\/a>\n\t\t\t<\/dt>\n\t\t\t\t<dd class='wp-caption-text gallery-caption' id='gallery-1-301'>\n\t\t\t\tfrontal expositor-b\n\t\t\t\t<\/dd><\/dl><dl class='gallery-item'>\n\t\t\t<dt class='gallery-icon landscape'>\n\t\t\t\t<a href='https:\/\/angelshidalgo-interiorisme.com\/es\/wp-content\/uploads\/2014\/05\/expositor_paraigues1.jpg'><img loading=\"lazy\" decoding=\"async\" width=\"150\" height=\"150\" src=\"https:\/\/angelshidalgo-interiorisme.com\/es\/wp-content\/uploads\/2014\/05\/expositor_paraigues1-150x150.jpg\" class=\"attachment-thumbnail size-thumbnail\" alt=\"\" aria-describedby=\"gallery-1-299\" \/><\/a>\n\t\t\t<\/dt>\n\t\t\t\t<dd class='wp-caption-text gallery-caption' id='gallery-1-299'>\n\t\t\t\texpositor paraguas\n\t\t\t\t<\/dd><\/dl><br style=\"clear: both\" \/>\n\t\t<\/div>\n\n<p>Es una tienda de objetos de regalo que tiene m\u00e1s de 60 a\u00f1os. La primera imagen en entrar no nos ofrece ninguna se\u00f1al de las dimensiones del espacio, dado el mont\u00f3n de cosas que hay expuestas ca\u00f3ticamente: mostradores, estanter\u00edas de varias caracter\u00edsticas, acabados, formas y colores. Una luz fr\u00eda ilumina el espacio. La toma de datos es compleja. Al hacer los planos, descubrimos un espacio pr\u00e1cticamente di\u00e1fano. Confeccionamos, conjuntamente con la clienta, el programa de necesidades, muy preciso\u00a0debido a la diversidad de productos a vender.<\/p>\n<p>El objetivo del proyecto es distribuir el mobiliario expositor en el espacio, formando unos escaparates que, por su forma, creen el acceso a la tienda y inviten a recorrer su interior contemplando la oferta de los productos a la venta.<\/p>\n<p>El criterio de ambientaci\u00f3n se basa en la pretensi\u00f3n de resaltar los productos a vender, por tanto actuaremos con acabados de tonos c\u00e1lidos pero relativamente neutras, integrando el color de la imagen corporativa en ciertos detalles del mobiliario. Los elementos expositores de productos se resuelven en todo el per\u00edmetro de las paredes de cierre de la tienda, desde los pavimentos hasta el cielo raso. En medio de la tienda se crean unas vitrinas mostradores a media altura para expositores de otros productos. La iluminaci\u00f3n es de halogenuros met\u00e1licos orientados hacia los expositores de las paredes donde est\u00e1n los productos. En el centro del espacio hay unos pilares que son camuflados con la formaci\u00f3n de vitrinas expositoras y luces indirectas a trav\u00e9s de vidrio mate.<\/p>\n","protected":false},"excerpt":{"rendered":"<p>Es una tienda de objetos de regalo que tiene m\u00e1s de 60 a\u00f1os. La primera imagen en entrar no nos ofrece ninguna se\u00f1al de las dimensiones del espacio, dado el mont\u00f3n de cosas que hay expuestas ca\u00f3ticamente: mostradores, estanter\u00edas de varias caracter\u00edsticas, acabados, formas y colores. Una luz fr\u00eda ilumina el espacio. La toma de [&hellip;]<\/p>\n","protected":false},"author":2,"featured_media":75,"parent":17,"menu_order":0,"comment_status":"closed","ping_status":"closed","template":"template-portfolio-item.php","meta":{"footnotes":""},"class_list":["post-71","page","type-page","status-publish","has-post-thumbnail","hentry","post index-post"],"_links":{"self":[{"href":"https:\/\/angelshidalgo-interiorisme.com\/es\/wp-json\/wp\/v2\/pages\/71","targetHints":{"allow":["GET"]}}],"collection":[{"href":"https:\/\/angelshidalgo-interiorisme.com\/es\/wp-json\/wp\/v2\/pages"}],"about":[{"href":"https:\/\/angelshidalgo-interiorisme.com\/es\/wp-json\/wp\/v2\/types\/page"}],"author":[{"embeddable":true,"href":"https:\/\/angelshidalgo-interiorisme.com\/es\/wp-json\/wp\/v2\/users\/2"}],"replies":[{"embeddable":true,"href":"https:\/\/angelshidalgo-interiorisme.com\/es\/wp-json\/wp\/v2\/comments?post=71"}],"version-history":[{"count":0,"href":"https:\/\/angelshidalgo-interiorisme.com\/es\/wp-json\/wp\/v2\/pages\/71\/revisions"}],"up":[{"embeddable":true,"href":"https:\/\/angelshidalgo-interiorisme.com\/es\/wp-json\/wp\/v2\/pages\/17"}],"wp:featuredmedia":[{"embeddable":true,"href":"https:\/\/angelshidalgo-interiorisme.com\/es\/wp-json\/wp\/v2\/media\/75"}],"wp:attachment":[{"href":"https:\/\/angelshidalgo-interiorisme.com\/es\/wp-json\/wp\/v2\/media?parent=71"}],"curies":[{"name":"wp","href":"https:\/\/api.w.org\/{rel}","templated":true}]}}