{"id":79,"date":"2014-05-23T10:30:54","date_gmt":"2014-05-23T10:30:54","guid":{"rendered":"http:\/\/angelshidalgo-interiorisme.com\/es\/?page_id=79"},"modified":"2017-04-02T23:47:39","modified_gmt":"2017-04-02T22:47:39","slug":"oficinas-grupo-pases-s-a","status":"publish","type":"page","link":"https:\/\/angelshidalgo-interiorisme.com\/es\/proyectos\/oficinas-grupo-pases-s-a\/","title":{"rendered":"oficinas grupo PASES, S.A."},"content":{"rendered":"\n\t\t<style type=\"text\/css\">\n\t\t\t#gallery-1 {\n\t\t\t\tmargin: auto;\n\t\t\t}\n\t\t\t#gallery-1 .gallery-item {\n\t\t\t\tfloat: left;\n\t\t\t\tmargin-top: 10px;\n\t\t\t\ttext-align: center;\n\t\t\t\twidth: 33%;\n\t\t\t}\n\t\t\t#gallery-1 img {\n\t\t\t\tborder: 2px solid #cfcfcf;\n\t\t\t}\n\t\t\t#gallery-1 .gallery-caption {\n\t\t\t\tmargin-left: 0;\n\t\t\t}\n\t\t\t\/* see gallery_shortcode() in wp-includes\/media.php *\/\n\t\t<\/style>\n\t\t<div id='gallery-1' class='gallery galleryid-79 gallery-columns-3 gallery-size-thumbnail'><dl class='gallery-item'>\n\t\t\t<dt class='gallery-icon landscape'>\n\t\t\t\t<a href='https:\/\/angelshidalgo-interiorisme.com\/es\/wp-content\/uploads\/2014\/05\/vista_gral_oficina.jpg'><img loading=\"lazy\" decoding=\"async\" width=\"150\" height=\"150\" src=\"https:\/\/angelshidalgo-interiorisme.com\/es\/wp-content\/uploads\/2014\/05\/vista_gral_oficina-150x150.jpg\" class=\"attachment-thumbnail size-thumbnail\" alt=\"\" aria-describedby=\"gallery-1-83\" \/><\/a>\n\t\t\t<\/dt>\n\t\t\t\t<dd class='wp-caption-text gallery-caption' id='gallery-1-83'>\n\t\t\t\tespacio de trabajo\n\t\t\t\t<\/dd><\/dl><dl class='gallery-item'>\n\t\t\t<dt class='gallery-icon portrait'>\n\t\t\t\t<a href='https:\/\/angelshidalgo-interiorisme.com\/es\/wp-content\/uploads\/2014\/05\/vista_gral_oficina2.jpg'><img loading=\"lazy\" decoding=\"async\" width=\"150\" height=\"150\" src=\"https:\/\/angelshidalgo-interiorisme.com\/es\/wp-content\/uploads\/2014\/05\/vista_gral_oficina2-150x150.jpg\" class=\"attachment-thumbnail size-thumbnail\" alt=\"\" aria-describedby=\"gallery-1-84\" \/><\/a>\n\t\t\t<\/dt>\n\t\t\t\t<dd class='wp-caption-text gallery-caption' id='gallery-1-84'>\n\t\t\t\tdetr\u00e1s mostrador\n\t\t\t\t<\/dd><\/dl><dl class='gallery-item'>\n\t\t\t<dt class='gallery-icon landscape'>\n\t\t\t\t<a href='https:\/\/angelshidalgo-interiorisme.com\/es\/wp-content\/uploads\/2014\/05\/despatx_direccio.jpg'><img loading=\"lazy\" decoding=\"async\" width=\"150\" height=\"150\" src=\"https:\/\/angelshidalgo-interiorisme.com\/es\/wp-content\/uploads\/2014\/05\/despatx_direccio-150x150.jpg\" class=\"attachment-thumbnail size-thumbnail\" alt=\"\" aria-describedby=\"gallery-1-80\" \/><\/a>\n\t\t\t<\/dt>\n\t\t\t\t<dd class='wp-caption-text gallery-caption' id='gallery-1-80'>\n\t\t\t\tdirecci\u00f3n\n\t\t\t\t<\/dd><\/dl><br style=\"clear: both\" \/><dl class='gallery-item'>\n\t\t\t<dt class='gallery-icon portrait'>\n\t\t\t\t<a href='https:\/\/angelshidalgo-interiorisme.com\/es\/wp-content\/uploads\/2014\/05\/mostrador.jpg'><img loading=\"lazy\" decoding=\"async\" width=\"150\" height=\"150\" src=\"https:\/\/angelshidalgo-interiorisme.com\/es\/wp-content\/uploads\/2014\/05\/mostrador-150x150.jpg\" class=\"attachment-thumbnail size-thumbnail\" alt=\"\" aria-describedby=\"gallery-1-81\" \/><\/a>\n\t\t\t<\/dt>\n\t\t\t\t<dd class='wp-caption-text gallery-caption' id='gallery-1-81'>\n\t\t\t\tmostrador\n\t\t\t\t<\/dd><\/dl><dl class='gallery-item'>\n\t\t\t<dt class='gallery-icon portrait'>\n\t\t\t\t<a href='https:\/\/angelshidalgo-interiorisme.com\/es\/wp-content\/uploads\/2014\/05\/petit_ofice.jpg'><img loading=\"lazy\" decoding=\"async\" width=\"150\" height=\"150\" src=\"https:\/\/angelshidalgo-interiorisme.com\/es\/wp-content\/uploads\/2014\/05\/petit_ofice-150x150.jpg\" class=\"attachment-thumbnail size-thumbnail\" alt=\"\" aria-describedby=\"gallery-1-82\" \/><\/a>\n\t\t\t<\/dt>\n\t\t\t\t<dd class='wp-caption-text gallery-caption' id='gallery-1-82'>\n\t\t\t\tmueble \/ office\n\t\t\t\t<\/dd><\/dl><dl class='gallery-item'>\n\t\t\t<dt class='gallery-icon landscape'>\n\t\t\t\t<a href='https:\/\/angelshidalgo-interiorisme.com\/es\/wp-content\/uploads\/2014\/05\/zona_especial_servisor.jpg'><img loading=\"lazy\" decoding=\"async\" width=\"150\" height=\"150\" src=\"https:\/\/angelshidalgo-interiorisme.com\/es\/wp-content\/uploads\/2014\/05\/zona_especial_servisor-150x150.jpg\" class=\"attachment-thumbnail size-thumbnail\" alt=\"\" aria-describedby=\"gallery-1-85\" \/><\/a>\n\t\t\t<\/dt>\n\t\t\t\t<dd class='wp-caption-text gallery-caption' id='gallery-1-85'>\n\t\t\t\tcentralizaci\u00f3n inform\u00e1tica\n\t\t\t\t<\/dd><\/dl><br style=\"clear: both\" \/>\n\t\t<\/div>\n\n<p>Se trata de un espacio de oficinas distribuido a base de mamparas divisorias de melanina y cristal, situado en un edificio de oficinas de la calle Fontanella de Barcelona.<\/p>\n<p>El objetivo de la reforma es que el espacio sea la sede social del Grupo Pases, S.A., para cubrir las necesidades del grupo, que han crecido y el espacio actual ha quedado obsoleto.<\/p>\n<p>Hay que hacer una reforma global de todo el espacio para adecuarlo a las necesidades del grupo Pases, S.A. El distribuimos con una zona de acceso y mostrador separando la parte de oficinas del personal administrativo. Como el local tiene dos puertas de acceso, desde una accede al despacho del director del grupo, que tendr\u00e1 visi\u00f3n del espacio general de trabajo. Desde este espacio de varias tablas, se ubica con un cierre de cierta transparencia el despacho del contable, por lo que queda vinculado muy estrechamente con el resto del personal.<\/p>\n<p>El mostrador, desde donde se atienden las visitas que acceden a las oficinas, que divide as\u00ed el acceso del espacio de trabajo general. Desde aqu\u00ed se accede al archivo de documentos. Y por el otro lado a tres despachos de los jefes. Y tambi\u00e9n en la sala de reuniones com\u00fan para todo el personal del grupo.<\/p>\n<p>El resultado es un espacio di\u00e1fano, algunos despachos con un balc\u00f3n a la calle, todo con ciertos juegos de luces integradas a la arquitectura, que en este caso la configura el mismo mobiliario, cerramientos de vidrio y tabiques de los mismos acabados de los muebles. Colores tranquilos para un buen ambiente de trabajo y toques de color lila para romper y dar al espacio la animaci\u00f3n m\u00ednima para hacer un ambiente personal para el Grupo Pases, S.A.<\/p>\n","protected":false},"excerpt":{"rendered":"<p>Se trata de un espacio de oficinas distribuido a base de mamparas divisorias de melanina y cristal, situado en un edificio de oficinas de la calle Fontanella de Barcelona. El objetivo de la reforma es que el espacio sea la sede social del Grupo Pases, S.A., para cubrir las necesidades del grupo, que han crecido [&hellip;]<\/p>\n","protected":false},"author":2,"featured_media":83,"parent":17,"menu_order":6,"comment_status":"closed","ping_status":"closed","template":"template-portfolio-item.php","meta":{"footnotes":""},"class_list":["post-79","page","type-page","status-publish","has-post-thumbnail","hentry","post index-post"],"_links":{"self":[{"href":"https:\/\/angelshidalgo-interiorisme.com\/es\/wp-json\/wp\/v2\/pages\/79","targetHints":{"allow":["GET"]}}],"collection":[{"href":"https:\/\/angelshidalgo-interiorisme.com\/es\/wp-json\/wp\/v2\/pages"}],"about":[{"href":"https:\/\/angelshidalgo-interiorisme.com\/es\/wp-json\/wp\/v2\/types\/page"}],"author":[{"embeddable":true,"href":"https:\/\/angelshidalgo-interiorisme.com\/es\/wp-json\/wp\/v2\/users\/2"}],"replies":[{"embeddable":true,"href":"https:\/\/angelshidalgo-interiorisme.com\/es\/wp-json\/wp\/v2\/comments?post=79"}],"version-history":[{"count":0,"href":"https:\/\/angelshidalgo-interiorisme.com\/es\/wp-json\/wp\/v2\/pages\/79\/revisions"}],"up":[{"embeddable":true,"href":"https:\/\/angelshidalgo-interiorisme.com\/es\/wp-json\/wp\/v2\/pages\/17"}],"wp:featuredmedia":[{"embeddable":true,"href":"https:\/\/angelshidalgo-interiorisme.com\/es\/wp-json\/wp\/v2\/media\/83"}],"wp:attachment":[{"href":"https:\/\/angelshidalgo-interiorisme.com\/es\/wp-json\/wp\/v2\/media?parent=79"}],"curies":[{"name":"wp","href":"https:\/\/api.w.org\/{rel}","templated":true}]}}